{"id":727,"date":"2021-08-12T11:37:43","date_gmt":"2021-08-12T03:37:43","guid":{"rendered":"https:\/\/begafoodserviceintl.com\/mu\/?post_type=product&#038;p=727"},"modified":"2022-03-12T15:24:04","modified_gmt":"2022-03-12T11:24:04","slug":"dairymont-cream-cheese-classic-2","status":"publish","type":"product","link":"https:\/\/begafoodserviceintl.com\/mu\/product\/dairymont-cream-cheese-classic-2\/","title":{"rendered":"Fromage \u00e0 tartiner 2kg"},"content":{"rendered":"","protected":false},"excerpt":{"rendered":"<p>&nbsp;<\/p>\n<p><span style=\"font-weight: 400;\">Informations nutritionnelles :<\/span><\/p>\n<p><span style=\"font-weight: 400;\">Portions par paquet: 80<\/span><\/p>\n<p><span style=\"font-weight: 400;\">Taille de portion: 25g<\/span><\/p>\n<table style=\"height: 300px;\" width=\"1882\">\n<tbody>\n<tr>\n<th style=\"text-align: left;\"><\/th>\n<th style=\"text-align: left; padding-left: 40px;\"><span style=\"font-weight: 400;\">par portion<\/span><\/th>\n<th style=\"text-align: left;\"><span style=\"font-weight: 400;\">par 100g<\/span><\/th>\n<\/tr>\n<tr>\n<td><span style=\"font-weight: 400;\">\u00c9nergie <\/span><\/td>\n<td style=\"padding-left: 40px;\"><span style=\"color: #000000;\">360kJ<\/span><\/td>\n<td><span style=\"color: #000000;\">1440kJ<\/span><\/td>\n<\/tr>\n<tr>\n<td><span style=\"font-weight: 400;\">Prot\u00e9ines <\/span><\/td>\n<td style=\"padding-left: 40px;\"><span style=\"color: #000000;\">2.1g<\/span><\/td>\n<td><span style=\"color: #000000;\">8.3g<\/span><\/td>\n<\/tr>\n<tr>\n<td><span style=\"font-weight: 400;\">Mati\u00e8res grasses, total<\/span><\/td>\n<td style=\"padding-left: 40px;\"><span style=\"color: #000000;\">8.4g<\/span><\/td>\n<td><span style=\"color: #000000;\">33.7g<\/span><\/td>\n<\/tr>\n<tr>\n<td><span style=\"color: #000000;\">&#8211; <span style=\"font-weight: 400;\">satur\u00e9 <\/span><\/span><\/td>\n<td style=\"padding-left: 40px;\"><span style=\"color: #000000;\">5.7g<\/span><\/td>\n<td><span style=\"color: #000000;\">22.6g<\/span><\/td>\n<\/tr>\n<tr>\n<td><span style=\"color: #000000;\">&#8211; <span style=\"font-weight: 400;\">gras trans<\/span><\/span><\/td>\n<td style=\"padding-left: 40px;\"><span style=\"color: #000000;\">0.4g<\/span><\/td>\n<td><span style=\"color: #000000;\">1.7g<\/span><\/td>\n<\/tr>\n<tr>\n<td><span style=\"font-weight: 400;\">Glucides <\/span><\/td>\n<td style=\"padding-left: 40px;\"><span style=\"color: #000000;\">0.7g<\/span><\/td>\n<td><span style=\"color: #000000;\">2.9g<\/span><\/td>\n<\/tr>\n<tr>\n<td><span style=\"font-weight: 400;\">Total sucres<\/span><\/td>\n<td style=\"padding-left: 40px;\"><span style=\"color: #000000;\">0.6g<\/span><\/td>\n<td><span style=\"color: #000000;\">2.6g<\/span><\/td>\n<\/tr>\n<tr>\n<td><span style=\"color: #000000;\">Sodium<\/span><\/td>\n<td style=\"padding-left: 40px;\"><span style=\"color: #000000;\">83mg<\/span><\/td>\n<td><span style=\"color: #000000;\">330mg<\/span><\/td>\n<\/tr>\n<\/tbody>\n<\/table>\n<p>&nbsp;<\/p>\n","protected":false},"featured_media":2533,"comment_status":"open","ping_status":"closed","template":"","meta":{"_acf_changed":false,"_kadence_starter_templates_imported_post":false,"_kad_post_transparent":"default","_kad_post_title":"","_kad_post_layout":"default","_kad_post_sidebar_id":"","_kad_post_content_style":"default","_kad_post_vertical_padding":"default","_kad_post_feature":"","_kad_post_feature_position":"","_kad_post_header":false,"_kad_post_footer":false,"_kad_post_classname":""},"product_brand":[],"product_cat":[21],"product_tag":[37],"class_list":{"0":"post-727","1":"product","2":"type-product","3":"status-publish","4":"has-post-thumbnail","6":"product_cat-cream-cheese","7":"product_tag-dairymont","9":"first","10":"instock","11":"shipping-taxable","12":"product-type-simple","13":"entry","14":"content-bg","15":"loop-entry"},"acf":[],"yoast_head":"<!-- This site is optimized with the Yoast SEO plugin v27.3 - https:\/\/yoast.com\/product\/yoast-seo-wordpress\/ -->\n<title>Fromage \u00e0 tartiner 2kg - Bega Foodservices MU<\/title>\n<meta name=\"robots\" content=\"index, follow, max-snippet:-1, max-image-preview:large, max-video-preview:-1\" \/>\n<link rel=\"canonical\" href=\"https:\/\/begafoodserviceintl.com\/mu\/product\/dairymont-cream-cheese-classic-2\/\" \/>\n<meta property=\"og:locale\" content=\"fr_FR\" \/>\n<meta property=\"og:type\" content=\"article\" \/>\n<meta property=\"og:title\" content=\"Fromage \u00e0 tartiner 2kg - Bega Foodservices MU\" \/>\n<meta property=\"og:description\" content=\"&nbsp;  Informations nutritionnelles :  Portions par paquet: 80  Taille de portion: 25g     par portion par 100g   \u00c9nergie  360kJ 1440kJ   Prot\u00e9ines  2.1g 8.3g   Mati\u00e8res grasses, total 8.4g 33.7g   - satur\u00e9  5.7g 22.6g   - gras trans 0.4g 1.7g   Glucides  0.7g 2.9g   Total sucres 0.6g 2.6g   Sodium 83mg 330mg    &nbsp;\" \/>\n<meta property=\"og:url\" content=\"https:\/\/begafoodserviceintl.com\/mu\/product\/dairymont-cream-cheese-classic-2\/\" \/>\n<meta property=\"og:site_name\" content=\"Bega Foodservices MU\" \/>\n<meta property=\"article:modified_time\" content=\"2022-03-12T11:24:04+00:00\" \/>\n<meta property=\"og:image\" content=\"https:\/\/begafoodserviceintl.com\/mu\/wp-content\/uploads\/sites\/5\/2021\/08\/Cream-cheese-11.png\" \/>\n\t<meta property=\"og:image:width\" content=\"600\" \/>\n\t<meta property=\"og:image:height\" content=\"600\" \/>\n\t<meta property=\"og:image:type\" content=\"image\/png\" \/>\n<meta name=\"twitter:card\" content=\"summary_large_image\" \/>\n<script type=\"application\/ld+json\" class=\"yoast-schema-graph\">{\"@context\":\"https:\\\/\\\/schema.org\",\"@graph\":[{\"@type\":\"WebPage\",\"@id\":\"https:\\\/\\\/begafoodserviceintl.com\\\/mu\\\/product\\\/dairymont-cream-cheese-classic-2\\\/\",\"url\":\"https:\\\/\\\/begafoodserviceintl.com\\\/mu\\\/product\\\/dairymont-cream-cheese-classic-2\\\/\",\"name\":\"Fromage \u00e0 tartiner 2kg - Bega Foodservices MU\",\"isPartOf\":{\"@id\":\"https:\\\/\\\/begafoodserviceintl.com\\\/mu\\\/#website\"},\"primaryImageOfPage\":{\"@id\":\"https:\\\/\\\/begafoodserviceintl.com\\\/mu\\\/product\\\/dairymont-cream-cheese-classic-2\\\/#primaryimage\"},\"image\":{\"@id\":\"https:\\\/\\\/begafoodserviceintl.com\\\/mu\\\/product\\\/dairymont-cream-cheese-classic-2\\\/#primaryimage\"},\"thumbnailUrl\":\"https:\\\/\\\/begafoodserviceintl.com\\\/mu\\\/wp-content\\\/uploads\\\/sites\\\/5\\\/2021\\\/08\\\/Cream-cheese-11.png\",\"datePublished\":\"2021-08-12T03:37:43+00:00\",\"dateModified\":\"2022-03-12T11:24:04+00:00\",\"breadcrumb\":{\"@id\":\"https:\\\/\\\/begafoodserviceintl.com\\\/mu\\\/product\\\/dairymont-cream-cheese-classic-2\\\/#breadcrumb\"},\"inLanguage\":\"fr-FR\",\"potentialAction\":[{\"@type\":\"ReadAction\",\"target\":[\"https:\\\/\\\/begafoodserviceintl.com\\\/mu\\\/product\\\/dairymont-cream-cheese-classic-2\\\/\"]}]},{\"@type\":\"ImageObject\",\"inLanguage\":\"fr-FR\",\"@id\":\"https:\\\/\\\/begafoodserviceintl.com\\\/mu\\\/product\\\/dairymont-cream-cheese-classic-2\\\/#primaryimage\",\"url\":\"https:\\\/\\\/begafoodserviceintl.com\\\/mu\\\/wp-content\\\/uploads\\\/sites\\\/5\\\/2021\\\/08\\\/Cream-cheese-11.png\",\"contentUrl\":\"https:\\\/\\\/begafoodserviceintl.com\\\/mu\\\/wp-content\\\/uploads\\\/sites\\\/5\\\/2021\\\/08\\\/Cream-cheese-11.png\",\"width\":600,\"height\":600},{\"@type\":\"BreadcrumbList\",\"@id\":\"https:\\\/\\\/begafoodserviceintl.com\\\/mu\\\/product\\\/dairymont-cream-cheese-classic-2\\\/#breadcrumb\",\"itemListElement\":[{\"@type\":\"ListItem\",\"position\":1,\"name\":\"Home\",\"item\":\"https:\\\/\\\/begafoodserviceintl.com\\\/mu\\\/\"},{\"@type\":\"ListItem\",\"position\":2,\"name\":\"Shop\",\"item\":\"https:\\\/\\\/begafoodserviceintl.com\\\/mu\\\/?page_id=464\"},{\"@type\":\"ListItem\",\"position\":3,\"name\":\"Fromage \u00e0 tartiner 2kg\"}]},{\"@type\":\"WebSite\",\"@id\":\"https:\\\/\\\/begafoodserviceintl.com\\\/mu\\\/#website\",\"url\":\"https:\\\/\\\/begafoodserviceintl.com\\\/mu\\\/\",\"name\":\"Bega Foodservices MU\",\"description\":\"The Great Australian Food Company\",\"publisher\":{\"@id\":\"https:\\\/\\\/begafoodserviceintl.com\\\/mu\\\/#organization\"},\"potentialAction\":[{\"@type\":\"SearchAction\",\"target\":{\"@type\":\"EntryPoint\",\"urlTemplate\":\"https:\\\/\\\/begafoodserviceintl.com\\\/mu\\\/?s={search_term_string}\"},\"query-input\":{\"@type\":\"PropertyValueSpecification\",\"valueRequired\":true,\"valueName\":\"search_term_string\"}}],\"inLanguage\":\"fr-FR\"},{\"@type\":\"Organization\",\"@id\":\"https:\\\/\\\/begafoodserviceintl.com\\\/mu\\\/#organization\",\"name\":\"Bega Foodservices MU\",\"url\":\"https:\\\/\\\/begafoodserviceintl.com\\\/mu\\\/\",\"logo\":{\"@type\":\"ImageObject\",\"inLanguage\":\"fr-FR\",\"@id\":\"https:\\\/\\\/begafoodserviceintl.com\\\/mu\\\/#\\\/schema\\\/logo\\\/image\\\/\",\"url\":\"https:\\\/\\\/begafoodserviceintl.com\\\/mu\\\/wp-content\\\/uploads\\\/sites\\\/5\\\/2021\\\/08\\\/Logo-Bega.png\",\"contentUrl\":\"https:\\\/\\\/begafoodserviceintl.com\\\/mu\\\/wp-content\\\/uploads\\\/sites\\\/5\\\/2021\\\/08\\\/Logo-Bega.png\",\"width\":283,\"height\":283,\"caption\":\"Bega Foodservices MU\"},\"image\":{\"@id\":\"https:\\\/\\\/begafoodserviceintl.com\\\/mu\\\/#\\\/schema\\\/logo\\\/image\\\/\"}}]}<\/script>\n<!-- \/ Yoast SEO plugin. -->","yoast_head_json":{"title":"Fromage \u00e0 tartiner 2kg - Bega Foodservices MU","robots":{"index":"index","follow":"follow","max-snippet":"max-snippet:-1","max-image-preview":"max-image-preview:large","max-video-preview":"max-video-preview:-1"},"canonical":"https:\/\/begafoodserviceintl.com\/mu\/product\/dairymont-cream-cheese-classic-2\/","og_locale":"fr_FR","og_type":"article","og_title":"Fromage \u00e0 tartiner 2kg - Bega Foodservices MU","og_description":"&nbsp;  Informations nutritionnelles :  Portions par paquet: 80  Taille de portion: 25g     par portion par 100g   \u00c9nergie  360kJ 1440kJ   Prot\u00e9ines  2.1g 8.3g   Mati\u00e8res grasses, total 8.4g 33.7g   - satur\u00e9  5.7g 22.6g   - gras trans 0.4g 1.7g   Glucides  0.7g 2.9g   Total sucres 0.6g 2.6g   Sodium 83mg 330mg    &nbsp;","og_url":"https:\/\/begafoodserviceintl.com\/mu\/product\/dairymont-cream-cheese-classic-2\/","og_site_name":"Bega Foodservices MU","article_modified_time":"2022-03-12T11:24:04+00:00","og_image":[{"width":600,"height":600,"url":"https:\/\/begafoodserviceintl.com\/mu\/wp-content\/uploads\/sites\/5\/2021\/08\/Cream-cheese-11.png","type":"image\/png"}],"twitter_card":"summary_large_image","schema":{"@context":"https:\/\/schema.org","@graph":[{"@type":"WebPage","@id":"https:\/\/begafoodserviceintl.com\/mu\/product\/dairymont-cream-cheese-classic-2\/","url":"https:\/\/begafoodserviceintl.com\/mu\/product\/dairymont-cream-cheese-classic-2\/","name":"Fromage \u00e0 tartiner 2kg - Bega Foodservices MU","isPartOf":{"@id":"https:\/\/begafoodserviceintl.com\/mu\/#website"},"primaryImageOfPage":{"@id":"https:\/\/begafoodserviceintl.com\/mu\/product\/dairymont-cream-cheese-classic-2\/#primaryimage"},"image":{"@id":"https:\/\/begafoodserviceintl.com\/mu\/product\/dairymont-cream-cheese-classic-2\/#primaryimage"},"thumbnailUrl":"https:\/\/begafoodserviceintl.com\/mu\/wp-content\/uploads\/sites\/5\/2021\/08\/Cream-cheese-11.png","datePublished":"2021-08-12T03:37:43+00:00","dateModified":"2022-03-12T11:24:04+00:00","breadcrumb":{"@id":"https:\/\/begafoodserviceintl.com\/mu\/product\/dairymont-cream-cheese-classic-2\/#breadcrumb"},"inLanguage":"fr-FR","potentialAction":[{"@type":"ReadAction","target":["https:\/\/begafoodserviceintl.com\/mu\/product\/dairymont-cream-cheese-classic-2\/"]}]},{"@type":"ImageObject","inLanguage":"fr-FR","@id":"https:\/\/begafoodserviceintl.com\/mu\/product\/dairymont-cream-cheese-classic-2\/#primaryimage","url":"https:\/\/begafoodserviceintl.com\/mu\/wp-content\/uploads\/sites\/5\/2021\/08\/Cream-cheese-11.png","contentUrl":"https:\/\/begafoodserviceintl.com\/mu\/wp-content\/uploads\/sites\/5\/2021\/08\/Cream-cheese-11.png","width":600,"height":600},{"@type":"BreadcrumbList","@id":"https:\/\/begafoodserviceintl.com\/mu\/product\/dairymont-cream-cheese-classic-2\/#breadcrumb","itemListElement":[{"@type":"ListItem","position":1,"name":"Home","item":"https:\/\/begafoodserviceintl.com\/mu\/"},{"@type":"ListItem","position":2,"name":"Shop","item":"https:\/\/begafoodserviceintl.com\/mu\/?page_id=464"},{"@type":"ListItem","position":3,"name":"Fromage \u00e0 tartiner 2kg"}]},{"@type":"WebSite","@id":"https:\/\/begafoodserviceintl.com\/mu\/#website","url":"https:\/\/begafoodserviceintl.com\/mu\/","name":"Bega Foodservices MU","description":"The Great Australian Food Company","publisher":{"@id":"https:\/\/begafoodserviceintl.com\/mu\/#organization"},"potentialAction":[{"@type":"SearchAction","target":{"@type":"EntryPoint","urlTemplate":"https:\/\/begafoodserviceintl.com\/mu\/?s={search_term_string}"},"query-input":{"@type":"PropertyValueSpecification","valueRequired":true,"valueName":"search_term_string"}}],"inLanguage":"fr-FR"},{"@type":"Organization","@id":"https:\/\/begafoodserviceintl.com\/mu\/#organization","name":"Bega Foodservices MU","url":"https:\/\/begafoodserviceintl.com\/mu\/","logo":{"@type":"ImageObject","inLanguage":"fr-FR","@id":"https:\/\/begafoodserviceintl.com\/mu\/#\/schema\/logo\/image\/","url":"https:\/\/begafoodserviceintl.com\/mu\/wp-content\/uploads\/sites\/5\/2021\/08\/Logo-Bega.png","contentUrl":"https:\/\/begafoodserviceintl.com\/mu\/wp-content\/uploads\/sites\/5\/2021\/08\/Logo-Bega.png","width":283,"height":283,"caption":"Bega Foodservices MU"},"image":{"@id":"https:\/\/begafoodserviceintl.com\/mu\/#\/schema\/logo\/image\/"}}]}},"_links":{"self":[{"href":"https:\/\/begafoodserviceintl.com\/mu\/wp-json\/wp\/v2\/product\/727","targetHints":{"allow":["GET"]}}],"collection":[{"href":"https:\/\/begafoodserviceintl.com\/mu\/wp-json\/wp\/v2\/product"}],"about":[{"href":"https:\/\/begafoodserviceintl.com\/mu\/wp-json\/wp\/v2\/types\/product"}],"replies":[{"embeddable":true,"href":"https:\/\/begafoodserviceintl.com\/mu\/wp-json\/wp\/v2\/comments?post=727"}],"wp:featuredmedia":[{"embeddable":true,"href":"https:\/\/begafoodserviceintl.com\/mu\/wp-json\/wp\/v2\/media\/2533"}],"wp:attachment":[{"href":"https:\/\/begafoodserviceintl.com\/mu\/wp-json\/wp\/v2\/media?parent=727"}],"wp:term":[{"taxonomy":"product_brand","embeddable":true,"href":"https:\/\/begafoodserviceintl.com\/mu\/wp-json\/wp\/v2\/product_brand?post=727"},{"taxonomy":"product_cat","embeddable":true,"href":"https:\/\/begafoodserviceintl.com\/mu\/wp-json\/wp\/v2\/product_cat?post=727"},{"taxonomy":"product_tag","embeddable":true,"href":"https:\/\/begafoodserviceintl.com\/mu\/wp-json\/wp\/v2\/product_tag?post=727"}],"curies":[{"name":"wp","href":"https:\/\/api.w.org\/{rel}","templated":true}]}}